{"id":121062,"date":"2018-06-25T19:12:18","date_gmt":"2018-06-25T23:12:18","guid":{"rendered":"https:\/\/kangooclubmonteregie.ca\/kangoo-jumps-boot-contest\/"},"modified":"2018-06-25T19:12:21","modified_gmt":"2018-06-25T23:12:21","slug":"kangoo-jumps-boot-contest","status":"publish","type":"page","link":"https:\/\/kangooclubmonteregie.ca\/en\/kangoo-jumps-boot-contest\/","title":{"rendered":"Kangoo Jumps Boot Contest"},"content":{"rendered":"<p>[et_pb_section bb_built=&#8221;1&#8243; admin_label=&#8221;section&#8221; background_color=&#8221;#ffffff&#8221; disabled_on=&#8221;off|off|off&#8221; _builder_version=&#8221;3.0.55&#8243; custom_padding=&#8221;17px|0px|54px|0px&#8221;][et_pb_row admin_label=&#8221;row&#8221; make_fullwidth=&#8221;on&#8221; custom_width_px=&#8221;500px&#8221; use_custom_gutter=&#8221;on&#8221; gutter_width=&#8221;4&#8243; custom_padding=&#8221;0px||0px|&#8221; custom_padding_tablet=&#8221;104px||60px|&#8221; column_padding_mobile=&#8221;on&#8221; parallax_method_1=&#8221;off&#8221; parallax_method_2=&#8221;off&#8221; background_position_1=&#8221;top_left&#8221; background_repeat_1=&#8221;no-repeat&#8221; custom_padding_last_edited=&#8221;on|desktop&#8221; _builder_version=&#8221;3.0.55&#8243; background_size=&#8221;initial&#8221; background_position=&#8221;top_left&#8221; background_repeat=&#8221;repeat&#8221;][et_pb_column type=&#8221;4_4&#8243;][et_pb_text text_orientation=&#8221;center&#8221; _builder_version=&#8221;3.0.106&#8243; module_alignment=&#8221;center&#8221; background_layout=&#8221;light&#8221;]<\/p>\n<p><iframe class=\"uvembed32383\" frameborder=\"0\" src=\"https:\/\/static.upviral.com\/loader.html\"><\/iframe><br \/>\n<script>\nwindow.UpviralConfig = {\ncamp: \"MRSS(\"\nwidget_style:'iframe'\nwidth:\"500px\"}\n<\/script><br \/>\n<script language=\"javascript\" src=\"https:\/\/snippet.upviral.com\/upviral.js\"><\/script><\/p>\n<p>[\/et_pb_text][\/et_pb_column][\/et_pb_row][\/et_pb_section]<\/p>\n<input type=\"hidden\" id=\"letconvert_post_category\" value=\"\">","protected":false},"excerpt":{"rendered":"","protected":false},"author":1,"featured_media":121460,"parent":0,"menu_order":0,"comment_status":"closed","ping_status":"closed","template":"","meta":{"_et_pb_use_builder":"on","_et_pb_old_content":"","_et_gb_content_width":"","footnotes":""},"class_list":["post-121062","page","type-page","status-publish","has-post-thumbnail","hentry"],"yoast_head":"<!-- This site is optimized with the Yoast SEO plugin v26.6 - https:\/\/yoast.com\/wordpress\/plugins\/seo\/ -->\n<title>Kangoo Jumps Boot Contest -<\/title>\n<meta name=\"robots\" content=\"index, follow, max-snippet:-1, max-image-preview:large, max-video-preview:-1\" \/>\n<link rel=\"canonical\" href=\"https:\/\/kangooclubmonteregie.ca\/en\/kangoo-jumps-boot-contest\/\" \/>\n<meta property=\"og:locale\" content=\"en_US\" \/>\n<meta property=\"og:type\" content=\"article\" \/>\n<meta property=\"og:title\" content=\"Kangoo Jumps Boot Contest -\" \/>\n<meta property=\"og:url\" content=\"https:\/\/kangooclubmonteregie.ca\/en\/kangoo-jumps-boot-contest\/\" \/>\n<meta property=\"og:site_name\" content=\"Kangoo Club Mont\u00e9r\u00e9gie : Sp\u00e9cialiste du Kangoo Jumps\" \/>\n<meta property=\"article:modified_time\" content=\"2018-06-25T23:12:21+00:00\" \/>\n<meta property=\"og:image\" content=\"https:\/\/kangooclubmonteregie.ca\/wp-content\/uploads\/2017\/07\/Kangoo-3-concours.jpg\" \/>\n\t<meta property=\"og:image:width\" content=\"1200\" \/>\n\t<meta property=\"og:image:height\" content=\"628\" \/>\n\t<meta property=\"og:image:type\" content=\"image\/jpeg\" \/>\n<meta name=\"twitter:card\" content=\"summary_large_image\" \/>\n<meta name=\"twitter:label1\" content=\"Est. reading time\" \/>\n\t<meta name=\"twitter:data1\" content=\"1 minute\" \/>\n<script type=\"application\/ld+json\" class=\"yoast-schema-graph\">{\"@context\":\"https:\/\/schema.org\",\"@graph\":[{\"@type\":\"WebPage\",\"@id\":\"https:\/\/kangooclubmonteregie.ca\/en\/kangoo-jumps-boot-contest\/\",\"url\":\"https:\/\/kangooclubmonteregie.ca\/en\/kangoo-jumps-boot-contest\/\",\"name\":\"Kangoo Jumps Boot Contest -\",\"isPartOf\":{\"@id\":\"https:\/\/kangooclubmonteregie.ca\/#website\"},\"primaryImageOfPage\":{\"@id\":\"https:\/\/kangooclubmonteregie.ca\/en\/kangoo-jumps-boot-contest\/#primaryimage\"},\"image\":{\"@id\":\"https:\/\/kangooclubmonteregie.ca\/en\/kangoo-jumps-boot-contest\/#primaryimage\"},\"thumbnailUrl\":\"https:\/\/kangooclubmonteregie.ca\/wp-content\/uploads\/2017\/07\/Kangoo-3-concours.jpg\",\"datePublished\":\"2018-06-25T23:12:18+00:00\",\"dateModified\":\"2018-06-25T23:12:21+00:00\",\"breadcrumb\":{\"@id\":\"https:\/\/kangooclubmonteregie.ca\/en\/kangoo-jumps-boot-contest\/#breadcrumb\"},\"inLanguage\":\"en-US\",\"potentialAction\":[{\"@type\":\"ReadAction\",\"target\":[\"https:\/\/kangooclubmonteregie.ca\/en\/kangoo-jumps-boot-contest\/\"]}]},{\"@type\":\"ImageObject\",\"inLanguage\":\"en-US\",\"@id\":\"https:\/\/kangooclubmonteregie.ca\/en\/kangoo-jumps-boot-contest\/#primaryimage\",\"url\":\"https:\/\/kangooclubmonteregie.ca\/wp-content\/uploads\/2017\/07\/Kangoo-3-concours.jpg\",\"contentUrl\":\"https:\/\/kangooclubmonteregie.ca\/wp-content\/uploads\/2017\/07\/Kangoo-3-concours.jpg\",\"width\":1200,\"height\":628},{\"@type\":\"BreadcrumbList\",\"@id\":\"https:\/\/kangooclubmonteregie.ca\/en\/kangoo-jumps-boot-contest\/#breadcrumb\",\"itemListElement\":[{\"@type\":\"ListItem\",\"position\":1,\"name\":\"Accueil\",\"item\":\"https:\/\/kangooclubmonteregie.ca\/en\/home\/\"},{\"@type\":\"ListItem\",\"position\":2,\"name\":\"Kangoo Jumps Boot Contest\"}]},{\"@type\":\"WebSite\",\"@id\":\"https:\/\/kangooclubmonteregie.ca\/#website\",\"url\":\"https:\/\/kangooclubmonteregie.ca\/\",\"name\":\"Kangoo Club Mont\u00e9r\u00e9gie : Sp\u00e9cialiste du Kangoo Jumps\",\"description\":\"Votre sp\u00e9cialiste du Kangoo jumps\",\"potentialAction\":[{\"@type\":\"SearchAction\",\"target\":{\"@type\":\"EntryPoint\",\"urlTemplate\":\"https:\/\/kangooclubmonteregie.ca\/?s={search_term_string}\"},\"query-input\":{\"@type\":\"PropertyValueSpecification\",\"valueRequired\":true,\"valueName\":\"search_term_string\"}}],\"inLanguage\":\"en-US\"}]}<\/script>\n<!-- \/ Yoast SEO plugin. -->","yoast_head_json":{"title":"Kangoo Jumps Boot Contest -","robots":{"index":"index","follow":"follow","max-snippet":"max-snippet:-1","max-image-preview":"max-image-preview:large","max-video-preview":"max-video-preview:-1"},"canonical":"https:\/\/kangooclubmonteregie.ca\/en\/kangoo-jumps-boot-contest\/","og_locale":"en_US","og_type":"article","og_title":"Kangoo Jumps Boot Contest -","og_url":"https:\/\/kangooclubmonteregie.ca\/en\/kangoo-jumps-boot-contest\/","og_site_name":"Kangoo Club Mont\u00e9r\u00e9gie : Sp\u00e9cialiste du Kangoo Jumps","article_modified_time":"2018-06-25T23:12:21+00:00","og_image":[{"width":1200,"height":628,"url":"https:\/\/kangooclubmonteregie.ca\/wp-content\/uploads\/2017\/07\/Kangoo-3-concours.jpg","type":"image\/jpeg"}],"twitter_card":"summary_large_image","twitter_misc":{"Est. reading time":"1 minute"},"schema":{"@context":"https:\/\/schema.org","@graph":[{"@type":"WebPage","@id":"https:\/\/kangooclubmonteregie.ca\/en\/kangoo-jumps-boot-contest\/","url":"https:\/\/kangooclubmonteregie.ca\/en\/kangoo-jumps-boot-contest\/","name":"Kangoo Jumps Boot Contest -","isPartOf":{"@id":"https:\/\/kangooclubmonteregie.ca\/#website"},"primaryImageOfPage":{"@id":"https:\/\/kangooclubmonteregie.ca\/en\/kangoo-jumps-boot-contest\/#primaryimage"},"image":{"@id":"https:\/\/kangooclubmonteregie.ca\/en\/kangoo-jumps-boot-contest\/#primaryimage"},"thumbnailUrl":"https:\/\/kangooclubmonteregie.ca\/wp-content\/uploads\/2017\/07\/Kangoo-3-concours.jpg","datePublished":"2018-06-25T23:12:18+00:00","dateModified":"2018-06-25T23:12:21+00:00","breadcrumb":{"@id":"https:\/\/kangooclubmonteregie.ca\/en\/kangoo-jumps-boot-contest\/#breadcrumb"},"inLanguage":"en-US","potentialAction":[{"@type":"ReadAction","target":["https:\/\/kangooclubmonteregie.ca\/en\/kangoo-jumps-boot-contest\/"]}]},{"@type":"ImageObject","inLanguage":"en-US","@id":"https:\/\/kangooclubmonteregie.ca\/en\/kangoo-jumps-boot-contest\/#primaryimage","url":"https:\/\/kangooclubmonteregie.ca\/wp-content\/uploads\/2017\/07\/Kangoo-3-concours.jpg","contentUrl":"https:\/\/kangooclubmonteregie.ca\/wp-content\/uploads\/2017\/07\/Kangoo-3-concours.jpg","width":1200,"height":628},{"@type":"BreadcrumbList","@id":"https:\/\/kangooclubmonteregie.ca\/en\/kangoo-jumps-boot-contest\/#breadcrumb","itemListElement":[{"@type":"ListItem","position":1,"name":"Accueil","item":"https:\/\/kangooclubmonteregie.ca\/en\/home\/"},{"@type":"ListItem","position":2,"name":"Kangoo Jumps Boot Contest"}]},{"@type":"WebSite","@id":"https:\/\/kangooclubmonteregie.ca\/#website","url":"https:\/\/kangooclubmonteregie.ca\/","name":"Kangoo Club Mont\u00e9r\u00e9gie : Sp\u00e9cialiste du Kangoo Jumps","description":"Votre sp\u00e9cialiste du Kangoo jumps","potentialAction":[{"@type":"SearchAction","target":{"@type":"EntryPoint","urlTemplate":"https:\/\/kangooclubmonteregie.ca\/?s={search_term_string}"},"query-input":{"@type":"PropertyValueSpecification","valueRequired":true,"valueName":"search_term_string"}}],"inLanguage":"en-US"}]}},"_links":{"self":[{"href":"https:\/\/kangooclubmonteregie.ca\/en\/wp-json\/wp\/v2\/pages\/121062","targetHints":{"allow":["GET"]}}],"collection":[{"href":"https:\/\/kangooclubmonteregie.ca\/en\/wp-json\/wp\/v2\/pages"}],"about":[{"href":"https:\/\/kangooclubmonteregie.ca\/en\/wp-json\/wp\/v2\/types\/page"}],"author":[{"embeddable":true,"href":"https:\/\/kangooclubmonteregie.ca\/en\/wp-json\/wp\/v2\/users\/1"}],"replies":[{"embeddable":true,"href":"https:\/\/kangooclubmonteregie.ca\/en\/wp-json\/wp\/v2\/comments?post=121062"}],"version-history":[{"count":1,"href":"https:\/\/kangooclubmonteregie.ca\/en\/wp-json\/wp\/v2\/pages\/121062\/revisions"}],"predecessor-version":[{"id":121063,"href":"https:\/\/kangooclubmonteregie.ca\/en\/wp-json\/wp\/v2\/pages\/121062\/revisions\/121063"}],"wp:featuredmedia":[{"embeddable":true,"href":"https:\/\/kangooclubmonteregie.ca\/en\/wp-json\/wp\/v2\/media\/121460"}],"wp:attachment":[{"href":"https:\/\/kangooclubmonteregie.ca\/en\/wp-json\/wp\/v2\/media?parent=121062"}],"curies":[{"name":"wp","href":"https:\/\/api.w.org\/{rel}","templated":true}]}}