{"id":122432,"date":"2025-06-01T19:47:22","date_gmt":"2025-06-01T23:47:22","guid":{"rendered":"https:\/\/kangooclubmonteregie.ca\/horaire-2025\/"},"modified":"2025-06-01T19:47:22","modified_gmt":"2025-06-01T23:47:22","slug":"horaire-2025","status":"publish","type":"page","link":"https:\/\/kangooclubmonteregie.ca\/en\/horaire-2025\/","title":{"rendered":"Horaire 2025"},"content":{"rendered":"<p>Pour la saison estivale, des cours sont propos\u00e9s les mardis et mercredis de 18h20-19h20 et les dimanches de 10h00-11h00, en ext\u00e9rieur \u00e0 La Prairie. La formule FLEX estivale revient cette ann\u00e9e, tu ach\u00e8tes un nombre de cours et tu viens quand tu veux parmi toutes les dates annonc\u00e9es. 34 cours sont \u00e0 l\u2019horaire, voici les dates: Mardis (13 cours): 10 et 24 juin et 1-8-15-29 juillet et 5-12-19-26 ao\u00fbt et 2-9-16 septembre Mercredis (12 cours): 11 juin et 2-9-16-23-30 juillet et 6-13-20-27 ao\u00fbt et 3-10 septembre Dimanches (9 cours): 29 juin et 6-13-27 juillet et 10-17-24 ao\u00fbt et 7-14 septembre Voici les tarifs: Tu as tes bottes: -\u00e0 l\u2019unit\u00e9: 20$\/cours -10 cours: 150$ -15 cours: 180$ -20 cours: 200$ -25 cours: 220$ Tu as besoin de louer des bottes: -\u00e0 l\u2019unit\u00e9: 25$\/cours -10 cours: 180$ -15 cours. 225$ -20 cours: 260$ -25 cours: 290$ Certains cours pourraient \u00eatre annul\u00e9s pour cause de pluie forte. Ils ne seront pas report\u00e9s. Pour t\u2019inscrire, il suffit de faire un virement \u00e0 julie@kangooclubmonteregie.ca au plus tard le 6 juin. Aucun remboursement suite au paiement. Si tu as besoin de louer des bottes, il suffit de me contacter \u00e0 l\u2019adresse courriel Julie@kangooclubmonteregie.ca afin de me fournir ta pointure de souliers et ton poids. Au plaisir de jumper avec toi sous le soleil cet \u00e9t\u00e9! <span class=\"html-span xexx8yu x4uap5 x18d9i69 xkhd6sd x1hl2dhg x16tdsg8 x1vvkbs x3nfvp2 x1j61x8r x1fcty0u xdj266r xat24cr xgzva0m xhhsvwb xxymvpz xlup9mm x1kky2od\"><img decoding=\"async\" class=\"xz74otr x168nmei x13lgxp2 x5pf9jr xo71vjh\" src=\"https:\/\/static.xx.fbcdn.net\/images\/emoji.php\/v9\/t6d\/1\/16\/2600.png\" alt=\"\u2600\ufe0f\" width=\"16\" height=\"16\" \/><\/span><span class=\"html-span xexx8yu x4uap5 x18d9i69 xkhd6sd x1hl2dhg x16tdsg8 x1vvkbs x3nfvp2 x1j61x8r x1fcty0u xdj266r xat24cr xgzva0m xhhsvwb xxymvpz xlup9mm x1kky2od\"><img decoding=\"async\" class=\"xz74otr x168nmei x13lgxp2 x5pf9jr xo71vjh\" src=\"https:\/\/static.xx.fbcdn.net\/images\/emoji.php\/v9\/t6c\/1\/16\/1f4aa.png\" alt=\"\" width=\"16\" height=\"16\" \/><\/span><span class=\"html-span xexx8yu x4uap5 x18d9i69 xkhd6sd x1hl2dhg x16tdsg8 x1vvkbs x3nfvp2 x1j61x8r x1fcty0u xdj266r xat24cr xgzva0m xhhsvwb xxymvpz xlup9mm x1kky2od\"><img decoding=\"async\" class=\"xz74otr x168nmei x13lgxp2 x5pf9jr xo71vjh\" src=\"https:\/\/static.xx.fbcdn.net\/images\/emoji.php\/v9\/tfd\/1\/16\/1f64c.png\" alt=\"\" width=\"16\" height=\"16\" \/><\/span><\/p>\n<input type=\"hidden\" id=\"letconvert_post_category\" value=\"\">","protected":false},"excerpt":{"rendered":"<p>Pour la saison estivale, des cours sont propos\u00e9s les mardis et mercredis de 18h20-19h20 et les dimanches de 10h00-11h00, en ext\u00e9rieur \u00e0 La Prairie. La formule FLEX estivale revient cette [&hellip;]<\/p>\n","protected":false},"author":1,"featured_media":121308,"parent":0,"menu_order":0,"comment_status":"closed","ping_status":"closed","template":"page-template-blank.php","meta":{"_et_pb_use_builder":"","_et_pb_old_content":"","_et_gb_content_width":"","footnotes":""},"class_list":["post-122432","page","type-page","status-publish","has-post-thumbnail","hentry"],"yoast_head":"<!-- This site is optimized with the Yoast SEO plugin v26.6 - https:\/\/yoast.com\/wordpress\/plugins\/seo\/ -->\n<title>Horaire 2025 -<\/title>\n<meta name=\"robots\" content=\"index, follow, max-snippet:-1, max-image-preview:large, max-video-preview:-1\" \/>\n<link rel=\"canonical\" href=\"https:\/\/kangooclubmonteregie.ca\/horaire-2025\/\" \/>\n<meta property=\"og:locale\" content=\"en_US\" \/>\n<meta property=\"og:type\" content=\"article\" \/>\n<meta property=\"og:title\" content=\"Horaire 2025 -\" \/>\n<meta property=\"og:description\" content=\"Pour la saison estivale, des cours sont propos\u00e9s les mardis et mercredis de 18h20-19h20 et les dimanches de 10h00-11h00, en ext\u00e9rieur \u00e0 La Prairie. La formule FLEX estivale revient cette [&hellip;]\" \/>\n<meta property=\"og:url\" content=\"https:\/\/kangooclubmonteregie.ca\/horaire-2025\/\" \/>\n<meta property=\"og:site_name\" content=\"Kangoo Club Mont\u00e9r\u00e9gie : Sp\u00e9cialiste du Kangoo Jumps\" \/>\n<meta property=\"og:image\" content=\"https:\/\/static.xx.fbcdn.net\/images\/emoji.php\/v9\/t6d\/1\/16\/2600.png\" \/>\n<meta name=\"twitter:card\" content=\"summary_large_image\" \/>\n<meta name=\"twitter:label1\" content=\"Est. reading time\" \/>\n\t<meta name=\"twitter:data1\" content=\"1 minute\" \/>\n<script type=\"application\/ld+json\" class=\"yoast-schema-graph\">{\"@context\":\"https:\/\/schema.org\",\"@graph\":[{\"@type\":\"WebPage\",\"@id\":\"https:\/\/kangooclubmonteregie.ca\/horaire-2025\/\",\"url\":\"https:\/\/kangooclubmonteregie.ca\/horaire-2025\/\",\"name\":\"Horaire 2025 -\",\"isPartOf\":{\"@id\":\"https:\/\/kangooclubmonteregie.ca\/#website\"},\"primaryImageOfPage\":{\"@id\":\"https:\/\/kangooclubmonteregie.ca\/horaire-2025\/#primaryimage\"},\"image\":{\"@id\":\"https:\/\/kangooclubmonteregie.ca\/horaire-2025\/#primaryimage\"},\"thumbnailUrl\":\"https:\/\/kangooclubmonteregie.ca\/wp-content\/uploads\/2017\/03\/HORAIRE-KANGOO-JUMPS.png\",\"datePublished\":\"2025-06-01T23:47:22+00:00\",\"breadcrumb\":{\"@id\":\"https:\/\/kangooclubmonteregie.ca\/horaire-2025\/#breadcrumb\"},\"inLanguage\":\"en-US\",\"potentialAction\":[{\"@type\":\"ReadAction\",\"target\":[\"https:\/\/kangooclubmonteregie.ca\/horaire-2025\/\"]}]},{\"@type\":\"ImageObject\",\"inLanguage\":\"en-US\",\"@id\":\"https:\/\/kangooclubmonteregie.ca\/horaire-2025\/#primaryimage\",\"url\":\"https:\/\/kangooclubmonteregie.ca\/wp-content\/uploads\/2017\/03\/HORAIRE-KANGOO-JUMPS.png\",\"contentUrl\":\"https:\/\/kangooclubmonteregie.ca\/wp-content\/uploads\/2017\/03\/HORAIRE-KANGOO-JUMPS.png\",\"width\":1200,\"height\":628},{\"@type\":\"BreadcrumbList\",\"@id\":\"https:\/\/kangooclubmonteregie.ca\/horaire-2025\/#breadcrumb\",\"itemListElement\":[{\"@type\":\"ListItem\",\"position\":1,\"name\":\"Accueil\",\"item\":\"https:\/\/kangooclubmonteregie.ca\/en\/home\/\"},{\"@type\":\"ListItem\",\"position\":2,\"name\":\"Horaire 2025\"}]},{\"@type\":\"WebSite\",\"@id\":\"https:\/\/kangooclubmonteregie.ca\/#website\",\"url\":\"https:\/\/kangooclubmonteregie.ca\/\",\"name\":\"Kangoo Club Mont\u00e9r\u00e9gie : Sp\u00e9cialiste du Kangoo Jumps\",\"description\":\"Votre sp\u00e9cialiste du Kangoo jumps\",\"potentialAction\":[{\"@type\":\"SearchAction\",\"target\":{\"@type\":\"EntryPoint\",\"urlTemplate\":\"https:\/\/kangooclubmonteregie.ca\/?s={search_term_string}\"},\"query-input\":{\"@type\":\"PropertyValueSpecification\",\"valueRequired\":true,\"valueName\":\"search_term_string\"}}],\"inLanguage\":\"en-US\"}]}<\/script>\n<!-- \/ Yoast SEO plugin. -->","yoast_head_json":{"title":"Horaire 2025 -","robots":{"index":"index","follow":"follow","max-snippet":"max-snippet:-1","max-image-preview":"max-image-preview:large","max-video-preview":"max-video-preview:-1"},"canonical":"https:\/\/kangooclubmonteregie.ca\/horaire-2025\/","og_locale":"en_US","og_type":"article","og_title":"Horaire 2025 -","og_description":"Pour la saison estivale, des cours sont propos\u00e9s les mardis et mercredis de 18h20-19h20 et les dimanches de 10h00-11h00, en ext\u00e9rieur \u00e0 La Prairie. La formule FLEX estivale revient cette [&hellip;]","og_url":"https:\/\/kangooclubmonteregie.ca\/horaire-2025\/","og_site_name":"Kangoo Club Mont\u00e9r\u00e9gie : Sp\u00e9cialiste du Kangoo Jumps","og_image":[{"url":"https:\/\/static.xx.fbcdn.net\/images\/emoji.php\/v9\/t6d\/1\/16\/2600.png","type":"","width":"","height":""}],"twitter_card":"summary_large_image","twitter_misc":{"Est. reading time":"1 minute"},"schema":{"@context":"https:\/\/schema.org","@graph":[{"@type":"WebPage","@id":"https:\/\/kangooclubmonteregie.ca\/horaire-2025\/","url":"https:\/\/kangooclubmonteregie.ca\/horaire-2025\/","name":"Horaire 2025 -","isPartOf":{"@id":"https:\/\/kangooclubmonteregie.ca\/#website"},"primaryImageOfPage":{"@id":"https:\/\/kangooclubmonteregie.ca\/horaire-2025\/#primaryimage"},"image":{"@id":"https:\/\/kangooclubmonteregie.ca\/horaire-2025\/#primaryimage"},"thumbnailUrl":"https:\/\/kangooclubmonteregie.ca\/wp-content\/uploads\/2017\/03\/HORAIRE-KANGOO-JUMPS.png","datePublished":"2025-06-01T23:47:22+00:00","breadcrumb":{"@id":"https:\/\/kangooclubmonteregie.ca\/horaire-2025\/#breadcrumb"},"inLanguage":"en-US","potentialAction":[{"@type":"ReadAction","target":["https:\/\/kangooclubmonteregie.ca\/horaire-2025\/"]}]},{"@type":"ImageObject","inLanguage":"en-US","@id":"https:\/\/kangooclubmonteregie.ca\/horaire-2025\/#primaryimage","url":"https:\/\/kangooclubmonteregie.ca\/wp-content\/uploads\/2017\/03\/HORAIRE-KANGOO-JUMPS.png","contentUrl":"https:\/\/kangooclubmonteregie.ca\/wp-content\/uploads\/2017\/03\/HORAIRE-KANGOO-JUMPS.png","width":1200,"height":628},{"@type":"BreadcrumbList","@id":"https:\/\/kangooclubmonteregie.ca\/horaire-2025\/#breadcrumb","itemListElement":[{"@type":"ListItem","position":1,"name":"Accueil","item":"https:\/\/kangooclubmonteregie.ca\/en\/home\/"},{"@type":"ListItem","position":2,"name":"Horaire 2025"}]},{"@type":"WebSite","@id":"https:\/\/kangooclubmonteregie.ca\/#website","url":"https:\/\/kangooclubmonteregie.ca\/","name":"Kangoo Club Mont\u00e9r\u00e9gie : Sp\u00e9cialiste du Kangoo Jumps","description":"Votre sp\u00e9cialiste du Kangoo jumps","potentialAction":[{"@type":"SearchAction","target":{"@type":"EntryPoint","urlTemplate":"https:\/\/kangooclubmonteregie.ca\/?s={search_term_string}"},"query-input":{"@type":"PropertyValueSpecification","valueRequired":true,"valueName":"search_term_string"}}],"inLanguage":"en-US"}]}},"_links":{"self":[{"href":"https:\/\/kangooclubmonteregie.ca\/en\/wp-json\/wp\/v2\/pages\/122432","targetHints":{"allow":["GET"]}}],"collection":[{"href":"https:\/\/kangooclubmonteregie.ca\/en\/wp-json\/wp\/v2\/pages"}],"about":[{"href":"https:\/\/kangooclubmonteregie.ca\/en\/wp-json\/wp\/v2\/types\/page"}],"author":[{"embeddable":true,"href":"https:\/\/kangooclubmonteregie.ca\/en\/wp-json\/wp\/v2\/users\/1"}],"replies":[{"embeddable":true,"href":"https:\/\/kangooclubmonteregie.ca\/en\/wp-json\/wp\/v2\/comments?post=122432"}],"version-history":[{"count":0,"href":"https:\/\/kangooclubmonteregie.ca\/en\/wp-json\/wp\/v2\/pages\/122432\/revisions"}],"wp:featuredmedia":[{"embeddable":true,"href":"https:\/\/kangooclubmonteregie.ca\/en\/wp-json\/wp\/v2\/media\/121308"}],"wp:attachment":[{"href":"https:\/\/kangooclubmonteregie.ca\/en\/wp-json\/wp\/v2\/media?parent=122432"}],"curies":[{"name":"wp","href":"https:\/\/api.w.org\/{rel}","templated":true}]}}